{"id":10,"date":"2021-12-11T12:39:27","date_gmt":"2021-12-11T11:39:27","guid":{"rendered":"https:\/\/hug-familie.ch\/?page_id=10"},"modified":"2026-04-01T13:24:04","modified_gmt":"2026-04-01T11:24:04","slug":"startseite","status":"publish","type":"page","link":"https:\/\/hug-familie.ch\/de\/","title":{"rendered":"Startseite"},"content":{"rendered":"","protected":false},"excerpt":{"rendered":"","protected":false},"author":1,"featured_media":0,"parent":0,"menu_order":0,"comment_status":"closed","ping_status":"closed","template":"","meta":[],"class_list":["post-10","page","type-page","status-publish","hentry"],"yoast_head":"<!-- This site is optimized with the Yoast SEO plugin v21.9.1 - https:\/\/yoast.com\/wordpress\/plugins\/seo\/ -->\n<title>HUG Familie \u2013\u00a0Nat\u00fcrlich und ehrlich. Seit 1877.<\/title>\n<meta name=\"description\" content=\"Die Schweizer B\u00e4ckerei mit Tradition seit 1877. Wir backen f\u00fcr HUG Guezli, HUG Food Service, Wernli und DAR-VIDA. Nat\u00fcrlich und ehrlich.\" \/>\n<meta name=\"robots\" content=\"index, follow, max-snippet:-1, max-image-preview:large, max-video-preview:-1\" \/>\n<link rel=\"canonical\" href=\"https:\/\/hug-familie.ch\/de\/\" \/>\n<meta property=\"og:locale\" content=\"de_DE\" \/>\n<meta property=\"og:type\" content=\"article\" \/>\n<meta property=\"og:title\" content=\"HUG Familie \u2013\u00a0Nat\u00fcrlich und ehrlich. Seit 1877.\" \/>\n<meta property=\"og:description\" content=\"Die Schweizer B\u00e4ckerei mit Tradition seit 1877. Wir backen f\u00fcr HUG Guezli, HUG Food Service, Wernli und DAR-VIDA. Nat\u00fcrlich und ehrlich.\" \/>\n<meta property=\"og:url\" content=\"https:\/\/hug-familie.ch\/de\/\" \/>\n<meta property=\"og:site_name\" content=\"HUG Familie\" \/>\n<meta property=\"article:modified_time\" content=\"2026-04-01T11:24:04+00:00\" \/>\n<meta name=\"twitter:card\" content=\"summary_large_image\" \/>\n<script type=\"application\/ld+json\" class=\"yoast-schema-graph\">{\"@context\":\"https:\/\/schema.org\",\"@graph\":[{\"@type\":\"WebPage\",\"@id\":\"https:\/\/hug-familie.ch\/de\/\",\"url\":\"https:\/\/hug-familie.ch\/de\/\",\"name\":\"HUG Familie \u2013\u00a0Nat\u00fcrlich und ehrlich. Seit 1877.\",\"isPartOf\":{\"@id\":\"https:\/\/hug-familie.ch\/de\/#website\"},\"datePublished\":\"2021-12-11T11:39:27+00:00\",\"dateModified\":\"2026-04-01T11:24:04+00:00\",\"description\":\"Die Schweizer B\u00e4ckerei mit Tradition seit 1877. Wir backen f\u00fcr HUG Guezli, HUG Food Service, Wernli und DAR-VIDA. Nat\u00fcrlich und ehrlich.\",\"breadcrumb\":{\"@id\":\"https:\/\/hug-familie.ch\/de\/#breadcrumb\"},\"inLanguage\":\"de-DE\",\"potentialAction\":[{\"@type\":\"ReadAction\",\"target\":[\"https:\/\/hug-familie.ch\/de\/\"]}]},{\"@type\":\"BreadcrumbList\",\"@id\":\"https:\/\/hug-familie.ch\/de\/#breadcrumb\",\"itemListElement\":[{\"@type\":\"ListItem\",\"position\":1,\"name\":\"Home\",\"item\":\"https:\/\/hug-familie.ch\/de\/\"},{\"@type\":\"ListItem\",\"position\":2,\"name\":\"Startseite\"}]},{\"@type\":\"WebSite\",\"@id\":\"https:\/\/hug-familie.ch\/de\/#website\",\"url\":\"https:\/\/hug-familie.ch\/de\/\",\"name\":\"HUG Familie\",\"description\":\"Eine weitere WordPress-Website\",\"potentialAction\":[{\"@type\":\"SearchAction\",\"target\":{\"@type\":\"EntryPoint\",\"urlTemplate\":\"https:\/\/hug-familie.ch\/de\/?s={search_term_string}\"},\"query-input\":\"required name=search_term_string\"}],\"inLanguage\":\"de-DE\"}]}<\/script>\n<!-- \/ Yoast SEO plugin. -->","yoast_head_json":{"title":"HUG Familie \u2013\u00a0Nat\u00fcrlich und ehrlich. Seit 1877.","description":"Die Schweizer B\u00e4ckerei mit Tradition seit 1877. Wir backen f\u00fcr HUG Guezli, HUG Food Service, Wernli und DAR-VIDA. Nat\u00fcrlich und ehrlich.","robots":{"index":"index","follow":"follow","max-snippet":"max-snippet:-1","max-image-preview":"max-image-preview:large","max-video-preview":"max-video-preview:-1"},"canonical":"https:\/\/hug-familie.ch\/de\/","og_locale":"de_DE","og_type":"article","og_title":"HUG Familie \u2013\u00a0Nat\u00fcrlich und ehrlich. Seit 1877.","og_description":"Die Schweizer B\u00e4ckerei mit Tradition seit 1877. Wir backen f\u00fcr HUG Guezli, HUG Food Service, Wernli und DAR-VIDA. Nat\u00fcrlich und ehrlich.","og_url":"https:\/\/hug-familie.ch\/de\/","og_site_name":"HUG Familie","article_modified_time":"2026-04-01T11:24:04+00:00","twitter_card":"summary_large_image","schema":{"@context":"https:\/\/schema.org","@graph":[{"@type":"WebPage","@id":"https:\/\/hug-familie.ch\/de\/","url":"https:\/\/hug-familie.ch\/de\/","name":"HUG Familie \u2013\u00a0Nat\u00fcrlich und ehrlich. Seit 1877.","isPartOf":{"@id":"https:\/\/hug-familie.ch\/de\/#website"},"datePublished":"2021-12-11T11:39:27+00:00","dateModified":"2026-04-01T11:24:04+00:00","description":"Die Schweizer B\u00e4ckerei mit Tradition seit 1877. Wir backen f\u00fcr HUG Guezli, HUG Food Service, Wernli und DAR-VIDA. Nat\u00fcrlich und ehrlich.","breadcrumb":{"@id":"https:\/\/hug-familie.ch\/de\/#breadcrumb"},"inLanguage":"de-DE","potentialAction":[{"@type":"ReadAction","target":["https:\/\/hug-familie.ch\/de\/"]}]},{"@type":"BreadcrumbList","@id":"https:\/\/hug-familie.ch\/de\/#breadcrumb","itemListElement":[{"@type":"ListItem","position":1,"name":"Home","item":"https:\/\/hug-familie.ch\/de\/"},{"@type":"ListItem","position":2,"name":"Startseite"}]},{"@type":"WebSite","@id":"https:\/\/hug-familie.ch\/de\/#website","url":"https:\/\/hug-familie.ch\/de\/","name":"HUG Familie","description":"Eine weitere WordPress-Website","potentialAction":[{"@type":"SearchAction","target":{"@type":"EntryPoint","urlTemplate":"https:\/\/hug-familie.ch\/de\/?s={search_term_string}"},"query-input":"required name=search_term_string"}],"inLanguage":"de-DE"}]}},"_links":{"self":[{"href":"https:\/\/hug-familie.ch\/de\/wp-json\/wp\/v2\/pages\/10"}],"collection":[{"href":"https:\/\/hug-familie.ch\/de\/wp-json\/wp\/v2\/pages"}],"about":[{"href":"https:\/\/hug-familie.ch\/de\/wp-json\/wp\/v2\/types\/page"}],"author":[{"embeddable":true,"href":"https:\/\/hug-familie.ch\/de\/wp-json\/wp\/v2\/users\/1"}],"replies":[{"embeddable":true,"href":"https:\/\/hug-familie.ch\/de\/wp-json\/wp\/v2\/comments?post=10"}],"version-history":[{"count":356,"href":"https:\/\/hug-familie.ch\/de\/wp-json\/wp\/v2\/pages\/10\/revisions"}],"predecessor-version":[{"id":74247,"href":"https:\/\/hug-familie.ch\/de\/wp-json\/wp\/v2\/pages\/10\/revisions\/74247"}],"wp:attachment":[{"href":"https:\/\/hug-familie.ch\/de\/wp-json\/wp\/v2\/media?parent=10"}],"curies":[{"name":"wp","href":"https:\/\/api.w.org\/{rel}","templated":true}]}}