{"id":460,"date":"2021-12-12T22:25:04","date_gmt":"2021-12-12T21:25:04","guid":{"rendered":"https:\/\/hug-familie.ch\/?page_id=460"},"modified":"2026-01-26T08:23:56","modified_gmt":"2026-01-26T07:23:56","slug":"qualitaet-und-entwicklung","status":"publish","type":"page","link":"https:\/\/hug-familie.ch\/de\/arbeiten-bei-hug\/qualitaet-und-entwicklung\/","title":{"rendered":"Qualit\u00e4t und Entwicklung"},"content":{"rendered":"","protected":false},"excerpt":{"rendered":"","protected":false},"author":1,"featured_media":0,"parent":344,"menu_order":3,"comment_status":"closed","ping_status":"closed","template":"","meta":[],"class_list":["post-460","page","type-page","status-publish","hentry"],"yoast_head":"<!-- This site is optimized with the Yoast SEO plugin v21.9.1 - https:\/\/yoast.com\/wordpress\/plugins\/seo\/ -->\n<title>Qualit\u00e4t und Entwicklung &#8211; HUG Familie<\/title>\n<meta name=\"description\" content=\"Zusammen sind wir HUG: Erhalte Einblicke in den Bereich Qualit\u00e4t und Entwicklung und entdecke unsere Vorteile f\u00fcr dich.\" \/>\n<meta name=\"robots\" content=\"index, follow, max-snippet:-1, max-image-preview:large, max-video-preview:-1\" \/>\n<link rel=\"canonical\" href=\"https:\/\/hug-familie.ch\/de\/arbeiten-bei-hug\/qualitaet-und-entwicklung\/\" \/>\n<meta property=\"og:locale\" content=\"de_DE\" \/>\n<meta property=\"og:type\" content=\"article\" \/>\n<meta property=\"og:title\" content=\"Qualit\u00e4t und Entwicklung &#8211; HUG Familie\" \/>\n<meta property=\"og:description\" content=\"Zusammen sind wir HUG: Erhalte Einblicke in den Bereich Qualit\u00e4t und Entwicklung und entdecke unsere Vorteile f\u00fcr dich.\" \/>\n<meta property=\"og:url\" content=\"https:\/\/hug-familie.ch\/de\/arbeiten-bei-hug\/qualitaet-und-entwicklung\/\" \/>\n<meta property=\"og:site_name\" content=\"HUG Familie\" \/>\n<meta property=\"article:modified_time\" content=\"2026-01-26T07:23:56+00:00\" \/>\n<meta name=\"twitter:card\" content=\"summary_large_image\" \/>\n<script type=\"application\/ld+json\" class=\"yoast-schema-graph\">{\"@context\":\"https:\/\/schema.org\",\"@graph\":[{\"@type\":\"WebPage\",\"@id\":\"https:\/\/hug-familie.ch\/de\/arbeiten-bei-hug\/qualitaet-und-entwicklung\/\",\"url\":\"https:\/\/hug-familie.ch\/de\/arbeiten-bei-hug\/qualitaet-und-entwicklung\/\",\"name\":\"Qualit\u00e4t und Entwicklung &#8211; HUG Familie\",\"isPartOf\":{\"@id\":\"https:\/\/hug-familie.ch\/de\/#website\"},\"datePublished\":\"2021-12-12T21:25:04+00:00\",\"dateModified\":\"2026-01-26T07:23:56+00:00\",\"description\":\"Zusammen sind wir HUG: Erhalte Einblicke in den Bereich Qualit\u00e4t und Entwicklung und entdecke unsere Vorteile f\u00fcr dich.\",\"breadcrumb\":{\"@id\":\"https:\/\/hug-familie.ch\/de\/arbeiten-bei-hug\/qualitaet-und-entwicklung\/#breadcrumb\"},\"inLanguage\":\"de-DE\",\"potentialAction\":[{\"@type\":\"ReadAction\",\"target\":[\"https:\/\/hug-familie.ch\/de\/arbeiten-bei-hug\/qualitaet-und-entwicklung\/\"]}]},{\"@type\":\"BreadcrumbList\",\"@id\":\"https:\/\/hug-familie.ch\/de\/arbeiten-bei-hug\/qualitaet-und-entwicklung\/#breadcrumb\",\"itemListElement\":[{\"@type\":\"ListItem\",\"position\":1,\"name\":\"Home\",\"item\":\"https:\/\/hug-familie.ch\/de\/\"},{\"@type\":\"ListItem\",\"position\":2,\"name\":\"Arbeiten bei HUG\",\"item\":\"https:\/\/hug-familie.ch\/de\/arbeiten-bei-hug\/\"},{\"@type\":\"ListItem\",\"position\":3,\"name\":\"Qualit\u00e4t und Entwicklung\"}]},{\"@type\":\"WebSite\",\"@id\":\"https:\/\/hug-familie.ch\/de\/#website\",\"url\":\"https:\/\/hug-familie.ch\/de\/\",\"name\":\"HUG Familie\",\"description\":\"Eine weitere WordPress-Website\",\"potentialAction\":[{\"@type\":\"SearchAction\",\"target\":{\"@type\":\"EntryPoint\",\"urlTemplate\":\"https:\/\/hug-familie.ch\/de\/?s={search_term_string}\"},\"query-input\":\"required name=search_term_string\"}],\"inLanguage\":\"de-DE\"}]}<\/script>\n<!-- \/ Yoast SEO plugin. -->","yoast_head_json":{"title":"Qualit\u00e4t und Entwicklung &#8211; HUG Familie","description":"Zusammen sind wir HUG: Erhalte Einblicke in den Bereich Qualit\u00e4t und Entwicklung und entdecke unsere Vorteile f\u00fcr dich.","robots":{"index":"index","follow":"follow","max-snippet":"max-snippet:-1","max-image-preview":"max-image-preview:large","max-video-preview":"max-video-preview:-1"},"canonical":"https:\/\/hug-familie.ch\/de\/arbeiten-bei-hug\/qualitaet-und-entwicklung\/","og_locale":"de_DE","og_type":"article","og_title":"Qualit\u00e4t und Entwicklung &#8211; HUG Familie","og_description":"Zusammen sind wir HUG: Erhalte Einblicke in den Bereich Qualit\u00e4t und Entwicklung und entdecke unsere Vorteile f\u00fcr dich.","og_url":"https:\/\/hug-familie.ch\/de\/arbeiten-bei-hug\/qualitaet-und-entwicklung\/","og_site_name":"HUG Familie","article_modified_time":"2026-01-26T07:23:56+00:00","twitter_card":"summary_large_image","schema":{"@context":"https:\/\/schema.org","@graph":[{"@type":"WebPage","@id":"https:\/\/hug-familie.ch\/de\/arbeiten-bei-hug\/qualitaet-und-entwicklung\/","url":"https:\/\/hug-familie.ch\/de\/arbeiten-bei-hug\/qualitaet-und-entwicklung\/","name":"Qualit\u00e4t und Entwicklung &#8211; HUG Familie","isPartOf":{"@id":"https:\/\/hug-familie.ch\/de\/#website"},"datePublished":"2021-12-12T21:25:04+00:00","dateModified":"2026-01-26T07:23:56+00:00","description":"Zusammen sind wir HUG: Erhalte Einblicke in den Bereich Qualit\u00e4t und Entwicklung und entdecke unsere Vorteile f\u00fcr dich.","breadcrumb":{"@id":"https:\/\/hug-familie.ch\/de\/arbeiten-bei-hug\/qualitaet-und-entwicklung\/#breadcrumb"},"inLanguage":"de-DE","potentialAction":[{"@type":"ReadAction","target":["https:\/\/hug-familie.ch\/de\/arbeiten-bei-hug\/qualitaet-und-entwicklung\/"]}]},{"@type":"BreadcrumbList","@id":"https:\/\/hug-familie.ch\/de\/arbeiten-bei-hug\/qualitaet-und-entwicklung\/#breadcrumb","itemListElement":[{"@type":"ListItem","position":1,"name":"Home","item":"https:\/\/hug-familie.ch\/de\/"},{"@type":"ListItem","position":2,"name":"Arbeiten bei HUG","item":"https:\/\/hug-familie.ch\/de\/arbeiten-bei-hug\/"},{"@type":"ListItem","position":3,"name":"Qualit\u00e4t und Entwicklung"}]},{"@type":"WebSite","@id":"https:\/\/hug-familie.ch\/de\/#website","url":"https:\/\/hug-familie.ch\/de\/","name":"HUG Familie","description":"Eine weitere WordPress-Website","potentialAction":[{"@type":"SearchAction","target":{"@type":"EntryPoint","urlTemplate":"https:\/\/hug-familie.ch\/de\/?s={search_term_string}"},"query-input":"required name=search_term_string"}],"inLanguage":"de-DE"}]}},"_links":{"self":[{"href":"https:\/\/hug-familie.ch\/de\/wp-json\/wp\/v2\/pages\/460"}],"collection":[{"href":"https:\/\/hug-familie.ch\/de\/wp-json\/wp\/v2\/pages"}],"about":[{"href":"https:\/\/hug-familie.ch\/de\/wp-json\/wp\/v2\/types\/page"}],"author":[{"embeddable":true,"href":"https:\/\/hug-familie.ch\/de\/wp-json\/wp\/v2\/users\/1"}],"replies":[{"embeddable":true,"href":"https:\/\/hug-familie.ch\/de\/wp-json\/wp\/v2\/comments?post=460"}],"version-history":[{"count":51,"href":"https:\/\/hug-familie.ch\/de\/wp-json\/wp\/v2\/pages\/460\/revisions"}],"predecessor-version":[{"id":73433,"href":"https:\/\/hug-familie.ch\/de\/wp-json\/wp\/v2\/pages\/460\/revisions\/73433"}],"up":[{"embeddable":true,"href":"https:\/\/hug-familie.ch\/de\/wp-json\/wp\/v2\/pages\/344"}],"wp:attachment":[{"href":"https:\/\/hug-familie.ch\/de\/wp-json\/wp\/v2\/media?parent=460"}],"curies":[{"name":"wp","href":"https:\/\/api.w.org\/{rel}","templated":true}]}}