{"id":81,"date":"2021-12-12T14:18:11","date_gmt":"2021-12-12T13:18:11","guid":{"rendered":"https:\/\/hug-familie.ch\/?page_id=81"},"modified":"2026-01-28T10:34:20","modified_gmt":"2026-01-28T09:34:20","slug":"ueber-uns","status":"publish","type":"page","link":"https:\/\/hug-familie.ch\/de\/hug-familie\/ueber-uns\/","title":{"rendered":"\u00dcber uns"},"content":{"rendered":"","protected":false},"excerpt":{"rendered":"","protected":false},"author":1,"featured_media":0,"parent":263,"menu_order":0,"comment_status":"closed","ping_status":"closed","template":"","meta":[],"class_list":["post-81","page","type-page","status-publish","hentry"],"yoast_head":"<!-- This site is optimized with the Yoast SEO plugin v21.9.1 - https:\/\/yoast.com\/wordpress\/plugins\/seo\/ -->\n<title>\u00dcber uns &#8211; HUG Familie<\/title>\n<meta name=\"description\" content=\"Wir setzen Genuss, Nat\u00fcrlichkeit und Schweizer Qualit\u00e4t zeitgem\u00e4ss um und bringen Wohlbefinden und Freude in den Alltag \u2013 seit \u00fcber 140 Jahren.\" \/>\n<meta name=\"robots\" content=\"index, follow, max-snippet:-1, max-image-preview:large, max-video-preview:-1\" \/>\n<link rel=\"canonical\" href=\"https:\/\/hug-familie.ch\/de\/hug-familie\/ueber-uns\/\" \/>\n<meta property=\"og:locale\" content=\"de_DE\" \/>\n<meta property=\"og:type\" content=\"article\" \/>\n<meta property=\"og:title\" content=\"\u00dcber uns &#8211; HUG Familie\" \/>\n<meta property=\"og:description\" content=\"Wir setzen Genuss, Nat\u00fcrlichkeit und Schweizer Qualit\u00e4t zeitgem\u00e4ss um und bringen Wohlbefinden und Freude in den Alltag \u2013 seit \u00fcber 140 Jahren.\" \/>\n<meta property=\"og:url\" content=\"https:\/\/hug-familie.ch\/de\/hug-familie\/ueber-uns\/\" \/>\n<meta property=\"og:site_name\" content=\"HUG Familie\" \/>\n<meta property=\"article:modified_time\" content=\"2026-01-28T09:34:20+00:00\" \/>\n<meta name=\"twitter:card\" content=\"summary_large_image\" \/>\n<script type=\"application\/ld+json\" class=\"yoast-schema-graph\">{\"@context\":\"https:\/\/schema.org\",\"@graph\":[{\"@type\":\"WebPage\",\"@id\":\"https:\/\/hug-familie.ch\/de\/hug-familie\/ueber-uns\/\",\"url\":\"https:\/\/hug-familie.ch\/de\/hug-familie\/ueber-uns\/\",\"name\":\"\u00dcber uns &#8211; HUG Familie\",\"isPartOf\":{\"@id\":\"https:\/\/hug-familie.ch\/de\/#website\"},\"datePublished\":\"2021-12-12T13:18:11+00:00\",\"dateModified\":\"2026-01-28T09:34:20+00:00\",\"description\":\"Wir setzen Genuss, Nat\u00fcrlichkeit und Schweizer Qualit\u00e4t zeitgem\u00e4ss um und bringen Wohlbefinden und Freude in den Alltag \u2013 seit \u00fcber 140 Jahren.\",\"breadcrumb\":{\"@id\":\"https:\/\/hug-familie.ch\/de\/hug-familie\/ueber-uns\/#breadcrumb\"},\"inLanguage\":\"de-DE\",\"potentialAction\":[{\"@type\":\"ReadAction\",\"target\":[\"https:\/\/hug-familie.ch\/de\/hug-familie\/ueber-uns\/\"]}]},{\"@type\":\"BreadcrumbList\",\"@id\":\"https:\/\/hug-familie.ch\/de\/hug-familie\/ueber-uns\/#breadcrumb\",\"itemListElement\":[{\"@type\":\"ListItem\",\"position\":1,\"name\":\"Home\",\"item\":\"https:\/\/hug-familie.ch\/de\/\"},{\"@type\":\"ListItem\",\"position\":2,\"name\":\"HUG Familie\",\"item\":\"https:\/\/hug-familie.ch\/de\/hug-familie\/\"},{\"@type\":\"ListItem\",\"position\":3,\"name\":\"\u00dcber uns\"}]},{\"@type\":\"WebSite\",\"@id\":\"https:\/\/hug-familie.ch\/de\/#website\",\"url\":\"https:\/\/hug-familie.ch\/de\/\",\"name\":\"HUG Familie\",\"description\":\"Eine weitere WordPress-Website\",\"potentialAction\":[{\"@type\":\"SearchAction\",\"target\":{\"@type\":\"EntryPoint\",\"urlTemplate\":\"https:\/\/hug-familie.ch\/de\/?s={search_term_string}\"},\"query-input\":\"required name=search_term_string\"}],\"inLanguage\":\"de-DE\"}]}<\/script>\n<!-- \/ Yoast SEO plugin. -->","yoast_head_json":{"title":"\u00dcber uns &#8211; HUG Familie","description":"Wir setzen Genuss, Nat\u00fcrlichkeit und Schweizer Qualit\u00e4t zeitgem\u00e4ss um und bringen Wohlbefinden und Freude in den Alltag \u2013 seit \u00fcber 140 Jahren.","robots":{"index":"index","follow":"follow","max-snippet":"max-snippet:-1","max-image-preview":"max-image-preview:large","max-video-preview":"max-video-preview:-1"},"canonical":"https:\/\/hug-familie.ch\/de\/hug-familie\/ueber-uns\/","og_locale":"de_DE","og_type":"article","og_title":"\u00dcber uns &#8211; HUG Familie","og_description":"Wir setzen Genuss, Nat\u00fcrlichkeit und Schweizer Qualit\u00e4t zeitgem\u00e4ss um und bringen Wohlbefinden und Freude in den Alltag \u2013 seit \u00fcber 140 Jahren.","og_url":"https:\/\/hug-familie.ch\/de\/hug-familie\/ueber-uns\/","og_site_name":"HUG Familie","article_modified_time":"2026-01-28T09:34:20+00:00","twitter_card":"summary_large_image","schema":{"@context":"https:\/\/schema.org","@graph":[{"@type":"WebPage","@id":"https:\/\/hug-familie.ch\/de\/hug-familie\/ueber-uns\/","url":"https:\/\/hug-familie.ch\/de\/hug-familie\/ueber-uns\/","name":"\u00dcber uns &#8211; HUG Familie","isPartOf":{"@id":"https:\/\/hug-familie.ch\/de\/#website"},"datePublished":"2021-12-12T13:18:11+00:00","dateModified":"2026-01-28T09:34:20+00:00","description":"Wir setzen Genuss, Nat\u00fcrlichkeit und Schweizer Qualit\u00e4t zeitgem\u00e4ss um und bringen Wohlbefinden und Freude in den Alltag \u2013 seit \u00fcber 140 Jahren.","breadcrumb":{"@id":"https:\/\/hug-familie.ch\/de\/hug-familie\/ueber-uns\/#breadcrumb"},"inLanguage":"de-DE","potentialAction":[{"@type":"ReadAction","target":["https:\/\/hug-familie.ch\/de\/hug-familie\/ueber-uns\/"]}]},{"@type":"BreadcrumbList","@id":"https:\/\/hug-familie.ch\/de\/hug-familie\/ueber-uns\/#breadcrumb","itemListElement":[{"@type":"ListItem","position":1,"name":"Home","item":"https:\/\/hug-familie.ch\/de\/"},{"@type":"ListItem","position":2,"name":"HUG Familie","item":"https:\/\/hug-familie.ch\/de\/hug-familie\/"},{"@type":"ListItem","position":3,"name":"\u00dcber uns"}]},{"@type":"WebSite","@id":"https:\/\/hug-familie.ch\/de\/#website","url":"https:\/\/hug-familie.ch\/de\/","name":"HUG Familie","description":"Eine weitere WordPress-Website","potentialAction":[{"@type":"SearchAction","target":{"@type":"EntryPoint","urlTemplate":"https:\/\/hug-familie.ch\/de\/?s={search_term_string}"},"query-input":"required name=search_term_string"}],"inLanguage":"de-DE"}]}},"_links":{"self":[{"href":"https:\/\/hug-familie.ch\/de\/wp-json\/wp\/v2\/pages\/81"}],"collection":[{"href":"https:\/\/hug-familie.ch\/de\/wp-json\/wp\/v2\/pages"}],"about":[{"href":"https:\/\/hug-familie.ch\/de\/wp-json\/wp\/v2\/types\/page"}],"author":[{"embeddable":true,"href":"https:\/\/hug-familie.ch\/de\/wp-json\/wp\/v2\/users\/1"}],"replies":[{"embeddable":true,"href":"https:\/\/hug-familie.ch\/de\/wp-json\/wp\/v2\/comments?post=81"}],"version-history":[{"count":82,"href":"https:\/\/hug-familie.ch\/de\/wp-json\/wp\/v2\/pages\/81\/revisions"}],"predecessor-version":[{"id":73574,"href":"https:\/\/hug-familie.ch\/de\/wp-json\/wp\/v2\/pages\/81\/revisions\/73574"}],"up":[{"embeddable":true,"href":"https:\/\/hug-familie.ch\/de\/wp-json\/wp\/v2\/pages\/263"}],"wp:attachment":[{"href":"https:\/\/hug-familie.ch\/de\/wp-json\/wp\/v2\/media?parent=81"}],"curies":[{"name":"wp","href":"https:\/\/api.w.org\/{rel}","templated":true}]}}