{"id":4182,"date":"2021-12-12T14:18:11","date_gmt":"2021-12-12T13:18:11","guid":{"rendered":"https:\/\/hug-familie.ch\/la-famille-hug\/ueber-uns\/"},"modified":"2026-01-28T10:35:24","modified_gmt":"2026-01-28T09:35:24","slug":"a-propos-de-nous","status":"publish","type":"page","link":"https:\/\/hug-familie.ch\/fr\/famille-hug\/a-propos-de-nous\/","title":{"rendered":"\u00c0 propos de nous"},"content":{"rendered":"","protected":false},"excerpt":{"rendered":"","protected":false},"author":1,"featured_media":0,"parent":4177,"menu_order":0,"comment_status":"closed","ping_status":"closed","template":"","meta":[],"class_list":["post-4182","page","type-page","status-publish","hentry"],"yoast_head":"<!-- This site is optimized with the Yoast SEO plugin v21.9.1 - https:\/\/yoast.com\/wordpress\/plugins\/seo\/ -->\n<title>\u00c0 propos de nous &#8211; HUG Familie<\/title>\n<meta name=\"description\" content=\"Nous mettons le plaisir, le naturel et la qualit\u00e9 suisse au go\u00fbt du jour. Nous apportons du bien-\u00eatre et du plaisir \u2013 depuis plus de 140 ans.\" \/>\n<meta name=\"robots\" content=\"index, follow, max-snippet:-1, max-image-preview:large, max-video-preview:-1\" \/>\n<link rel=\"canonical\" href=\"https:\/\/hug-familie.ch\/fr\/famille-hug\/a-propos-de-nous\/\" \/>\n<meta property=\"og:locale\" content=\"fr_FR\" \/>\n<meta property=\"og:type\" content=\"article\" \/>\n<meta property=\"og:title\" content=\"\u00c0 propos de nous &#8211; HUG Familie\" \/>\n<meta property=\"og:description\" content=\"Nous mettons le plaisir, le naturel et la qualit\u00e9 suisse au go\u00fbt du jour. Nous apportons du bien-\u00eatre et du plaisir \u2013 depuis plus de 140 ans.\" \/>\n<meta property=\"og:url\" content=\"https:\/\/hug-familie.ch\/fr\/famille-hug\/a-propos-de-nous\/\" \/>\n<meta property=\"og:site_name\" content=\"HUG Familie\" \/>\n<meta property=\"article:modified_time\" content=\"2026-01-28T09:35:24+00:00\" \/>\n<meta name=\"twitter:card\" content=\"summary_large_image\" \/>\n<script type=\"application\/ld+json\" class=\"yoast-schema-graph\">{\"@context\":\"https:\/\/schema.org\",\"@graph\":[{\"@type\":\"WebPage\",\"@id\":\"https:\/\/hug-familie.ch\/fr\/famille-hug\/a-propos-de-nous\/\",\"url\":\"https:\/\/hug-familie.ch\/fr\/famille-hug\/a-propos-de-nous\/\",\"name\":\"\u00c0 propos de nous &#8211; HUG Familie\",\"isPartOf\":{\"@id\":\"https:\/\/hug-familie.ch\/fr\/#website\"},\"datePublished\":\"2021-12-12T13:18:11+00:00\",\"dateModified\":\"2026-01-28T09:35:24+00:00\",\"description\":\"Nous mettons le plaisir, le naturel et la qualit\u00e9 suisse au go\u00fbt du jour. Nous apportons du bien-\u00eatre et du plaisir \u2013 depuis plus de 140 ans.\",\"breadcrumb\":{\"@id\":\"https:\/\/hug-familie.ch\/fr\/famille-hug\/a-propos-de-nous\/#breadcrumb\"},\"inLanguage\":\"fr-FR\",\"potentialAction\":[{\"@type\":\"ReadAction\",\"target\":[\"https:\/\/hug-familie.ch\/fr\/famille-hug\/a-propos-de-nous\/\"]}]},{\"@type\":\"BreadcrumbList\",\"@id\":\"https:\/\/hug-familie.ch\/fr\/famille-hug\/a-propos-de-nous\/#breadcrumb\",\"itemListElement\":[{\"@type\":\"ListItem\",\"position\":1,\"name\":\"Home\",\"item\":\"https:\/\/hug-familie.ch\/fr\/\"},{\"@type\":\"ListItem\",\"position\":2,\"name\":\"La Famille HUG\",\"item\":\"https:\/\/hug-familie.ch\/fr\/famille-hug\/\"},{\"@type\":\"ListItem\",\"position\":3,\"name\":\"\u00c0 propos de nous\"}]},{\"@type\":\"WebSite\",\"@id\":\"https:\/\/hug-familie.ch\/fr\/#website\",\"url\":\"https:\/\/hug-familie.ch\/fr\/\",\"name\":\"HUG Familie\",\"description\":\"Eine weitere WordPress-Website\",\"potentialAction\":[{\"@type\":\"SearchAction\",\"target\":{\"@type\":\"EntryPoint\",\"urlTemplate\":\"https:\/\/hug-familie.ch\/fr\/?s={search_term_string}\"},\"query-input\":\"required name=search_term_string\"}],\"inLanguage\":\"fr-FR\"}]}<\/script>\n<!-- \/ Yoast SEO plugin. -->","yoast_head_json":{"title":"\u00c0 propos de nous &#8211; HUG Familie","description":"Nous mettons le plaisir, le naturel et la qualit\u00e9 suisse au go\u00fbt du jour. Nous apportons du bien-\u00eatre et du plaisir \u2013 depuis plus de 140 ans.","robots":{"index":"index","follow":"follow","max-snippet":"max-snippet:-1","max-image-preview":"max-image-preview:large","max-video-preview":"max-video-preview:-1"},"canonical":"https:\/\/hug-familie.ch\/fr\/famille-hug\/a-propos-de-nous\/","og_locale":"fr_FR","og_type":"article","og_title":"\u00c0 propos de nous &#8211; HUG Familie","og_description":"Nous mettons le plaisir, le naturel et la qualit\u00e9 suisse au go\u00fbt du jour. Nous apportons du bien-\u00eatre et du plaisir \u2013 depuis plus de 140 ans.","og_url":"https:\/\/hug-familie.ch\/fr\/famille-hug\/a-propos-de-nous\/","og_site_name":"HUG Familie","article_modified_time":"2026-01-28T09:35:24+00:00","twitter_card":"summary_large_image","schema":{"@context":"https:\/\/schema.org","@graph":[{"@type":"WebPage","@id":"https:\/\/hug-familie.ch\/fr\/famille-hug\/a-propos-de-nous\/","url":"https:\/\/hug-familie.ch\/fr\/famille-hug\/a-propos-de-nous\/","name":"\u00c0 propos de nous &#8211; HUG Familie","isPartOf":{"@id":"https:\/\/hug-familie.ch\/fr\/#website"},"datePublished":"2021-12-12T13:18:11+00:00","dateModified":"2026-01-28T09:35:24+00:00","description":"Nous mettons le plaisir, le naturel et la qualit\u00e9 suisse au go\u00fbt du jour. Nous apportons du bien-\u00eatre et du plaisir \u2013 depuis plus de 140 ans.","breadcrumb":{"@id":"https:\/\/hug-familie.ch\/fr\/famille-hug\/a-propos-de-nous\/#breadcrumb"},"inLanguage":"fr-FR","potentialAction":[{"@type":"ReadAction","target":["https:\/\/hug-familie.ch\/fr\/famille-hug\/a-propos-de-nous\/"]}]},{"@type":"BreadcrumbList","@id":"https:\/\/hug-familie.ch\/fr\/famille-hug\/a-propos-de-nous\/#breadcrumb","itemListElement":[{"@type":"ListItem","position":1,"name":"Home","item":"https:\/\/hug-familie.ch\/fr\/"},{"@type":"ListItem","position":2,"name":"La Famille HUG","item":"https:\/\/hug-familie.ch\/fr\/famille-hug\/"},{"@type":"ListItem","position":3,"name":"\u00c0 propos de nous"}]},{"@type":"WebSite","@id":"https:\/\/hug-familie.ch\/fr\/#website","url":"https:\/\/hug-familie.ch\/fr\/","name":"HUG Familie","description":"Eine weitere WordPress-Website","potentialAction":[{"@type":"SearchAction","target":{"@type":"EntryPoint","urlTemplate":"https:\/\/hug-familie.ch\/fr\/?s={search_term_string}"},"query-input":"required name=search_term_string"}],"inLanguage":"fr-FR"}]}},"_links":{"self":[{"href":"https:\/\/hug-familie.ch\/fr\/wp-json\/wp\/v2\/pages\/4182"}],"collection":[{"href":"https:\/\/hug-familie.ch\/fr\/wp-json\/wp\/v2\/pages"}],"about":[{"href":"https:\/\/hug-familie.ch\/fr\/wp-json\/wp\/v2\/types\/page"}],"author":[{"embeddable":true,"href":"https:\/\/hug-familie.ch\/fr\/wp-json\/wp\/v2\/users\/1"}],"replies":[{"embeddable":true,"href":"https:\/\/hug-familie.ch\/fr\/wp-json\/wp\/v2\/comments?post=4182"}],"version-history":[{"count":40,"href":"https:\/\/hug-familie.ch\/fr\/wp-json\/wp\/v2\/pages\/4182\/revisions"}],"predecessor-version":[{"id":73576,"href":"https:\/\/hug-familie.ch\/fr\/wp-json\/wp\/v2\/pages\/4182\/revisions\/73576"}],"up":[{"embeddable":true,"href":"https:\/\/hug-familie.ch\/fr\/wp-json\/wp\/v2\/pages\/4177"}],"wp:attachment":[{"href":"https:\/\/hug-familie.ch\/fr\/wp-json\/wp\/v2\/media?parent=4182"}],"curies":[{"name":"wp","href":"https:\/\/api.w.org\/{rel}","templated":true}]}}