{"id":4286,"date":"2021-12-12T20:44:33","date_gmt":"2021-12-12T19:44:33","guid":{"rendered":"https:\/\/hug-familie.ch\/famille-hug\/geschichte\/"},"modified":"2026-02-19T09:47:18","modified_gmt":"2026-02-19T08:47:18","slug":"histoire","status":"publish","type":"page","link":"https:\/\/hug-familie.ch\/fr\/famille-hug\/histoire\/","title":{"rendered":"L&rsquo;histoire"},"content":{"rendered":"","protected":false},"excerpt":{"rendered":"","protected":false},"author":1,"featured_media":0,"parent":4177,"menu_order":3,"comment_status":"closed","ping_status":"closed","template":"","meta":[],"class_list":["post-4286","page","type-page","status-publish","hentry"],"yoast_head":"<!-- This site is optimized with the Yoast SEO plugin v21.9.1 - https:\/\/yoast.com\/wordpress\/plugins\/seo\/ -->\n<title>L&#039;histoire &#8211; HUG Familie<\/title>\n<meta name=\"description\" content=\"La savoureuse histoire \u00e0 succ\u00e8s de HUG : De l&#039;invention du Zwieback en 1877 \u00e0 la boulangerie traditionnelle d&#039;aujourd&#039;hui.\" \/>\n<meta name=\"robots\" content=\"index, follow, max-snippet:-1, max-image-preview:large, max-video-preview:-1\" \/>\n<link rel=\"canonical\" href=\"https:\/\/hug-familie.ch\/fr\/famille-hug\/histoire\/\" \/>\n<meta property=\"og:locale\" content=\"fr_FR\" \/>\n<meta property=\"og:type\" content=\"article\" \/>\n<meta property=\"og:title\" content=\"L&#039;histoire &#8211; HUG Familie\" \/>\n<meta property=\"og:description\" content=\"La savoureuse histoire \u00e0 succ\u00e8s de HUG : De l&#039;invention du Zwieback en 1877 \u00e0 la boulangerie traditionnelle d&#039;aujourd&#039;hui.\" \/>\n<meta property=\"og:url\" content=\"https:\/\/hug-familie.ch\/fr\/famille-hug\/histoire\/\" \/>\n<meta property=\"og:site_name\" content=\"HUG Familie\" \/>\n<meta property=\"article:modified_time\" content=\"2026-02-19T08:47:18+00:00\" \/>\n<meta name=\"twitter:card\" content=\"summary_large_image\" \/>\n<script type=\"application\/ld+json\" class=\"yoast-schema-graph\">{\"@context\":\"https:\/\/schema.org\",\"@graph\":[{\"@type\":\"WebPage\",\"@id\":\"https:\/\/hug-familie.ch\/fr\/famille-hug\/histoire\/\",\"url\":\"https:\/\/hug-familie.ch\/fr\/famille-hug\/histoire\/\",\"name\":\"L'histoire &#8211; HUG Familie\",\"isPartOf\":{\"@id\":\"https:\/\/hug-familie.ch\/fr\/#website\"},\"datePublished\":\"2021-12-12T19:44:33+00:00\",\"dateModified\":\"2026-02-19T08:47:18+00:00\",\"description\":\"La savoureuse histoire \u00e0 succ\u00e8s de HUG : De l'invention du Zwieback en 1877 \u00e0 la boulangerie traditionnelle d'aujourd'hui.\",\"breadcrumb\":{\"@id\":\"https:\/\/hug-familie.ch\/fr\/famille-hug\/histoire\/#breadcrumb\"},\"inLanguage\":\"fr-FR\",\"potentialAction\":[{\"@type\":\"ReadAction\",\"target\":[\"https:\/\/hug-familie.ch\/fr\/famille-hug\/histoire\/\"]}]},{\"@type\":\"BreadcrumbList\",\"@id\":\"https:\/\/hug-familie.ch\/fr\/famille-hug\/histoire\/#breadcrumb\",\"itemListElement\":[{\"@type\":\"ListItem\",\"position\":1,\"name\":\"Home\",\"item\":\"https:\/\/hug-familie.ch\/fr\/\"},{\"@type\":\"ListItem\",\"position\":2,\"name\":\"La Famille HUG\",\"item\":\"https:\/\/hug-familie.ch\/fr\/famille-hug\/\"},{\"@type\":\"ListItem\",\"position\":3,\"name\":\"L&#8217;histoire\"}]},{\"@type\":\"WebSite\",\"@id\":\"https:\/\/hug-familie.ch\/fr\/#website\",\"url\":\"https:\/\/hug-familie.ch\/fr\/\",\"name\":\"HUG Familie\",\"description\":\"Eine weitere WordPress-Website\",\"potentialAction\":[{\"@type\":\"SearchAction\",\"target\":{\"@type\":\"EntryPoint\",\"urlTemplate\":\"https:\/\/hug-familie.ch\/fr\/?s={search_term_string}\"},\"query-input\":\"required name=search_term_string\"}],\"inLanguage\":\"fr-FR\"}]}<\/script>\n<!-- \/ Yoast SEO plugin. -->","yoast_head_json":{"title":"L'histoire &#8211; HUG Familie","description":"La savoureuse histoire \u00e0 succ\u00e8s de HUG : De l'invention du Zwieback en 1877 \u00e0 la boulangerie traditionnelle d'aujourd'hui.","robots":{"index":"index","follow":"follow","max-snippet":"max-snippet:-1","max-image-preview":"max-image-preview:large","max-video-preview":"max-video-preview:-1"},"canonical":"https:\/\/hug-familie.ch\/fr\/famille-hug\/histoire\/","og_locale":"fr_FR","og_type":"article","og_title":"L'histoire &#8211; HUG Familie","og_description":"La savoureuse histoire \u00e0 succ\u00e8s de HUG : De l'invention du Zwieback en 1877 \u00e0 la boulangerie traditionnelle d'aujourd'hui.","og_url":"https:\/\/hug-familie.ch\/fr\/famille-hug\/histoire\/","og_site_name":"HUG Familie","article_modified_time":"2026-02-19T08:47:18+00:00","twitter_card":"summary_large_image","schema":{"@context":"https:\/\/schema.org","@graph":[{"@type":"WebPage","@id":"https:\/\/hug-familie.ch\/fr\/famille-hug\/histoire\/","url":"https:\/\/hug-familie.ch\/fr\/famille-hug\/histoire\/","name":"L'histoire &#8211; HUG Familie","isPartOf":{"@id":"https:\/\/hug-familie.ch\/fr\/#website"},"datePublished":"2021-12-12T19:44:33+00:00","dateModified":"2026-02-19T08:47:18+00:00","description":"La savoureuse histoire \u00e0 succ\u00e8s de HUG : De l'invention du Zwieback en 1877 \u00e0 la boulangerie traditionnelle d'aujourd'hui.","breadcrumb":{"@id":"https:\/\/hug-familie.ch\/fr\/famille-hug\/histoire\/#breadcrumb"},"inLanguage":"fr-FR","potentialAction":[{"@type":"ReadAction","target":["https:\/\/hug-familie.ch\/fr\/famille-hug\/histoire\/"]}]},{"@type":"BreadcrumbList","@id":"https:\/\/hug-familie.ch\/fr\/famille-hug\/histoire\/#breadcrumb","itemListElement":[{"@type":"ListItem","position":1,"name":"Home","item":"https:\/\/hug-familie.ch\/fr\/"},{"@type":"ListItem","position":2,"name":"La Famille HUG","item":"https:\/\/hug-familie.ch\/fr\/famille-hug\/"},{"@type":"ListItem","position":3,"name":"L&#8217;histoire"}]},{"@type":"WebSite","@id":"https:\/\/hug-familie.ch\/fr\/#website","url":"https:\/\/hug-familie.ch\/fr\/","name":"HUG Familie","description":"Eine weitere WordPress-Website","potentialAction":[{"@type":"SearchAction","target":{"@type":"EntryPoint","urlTemplate":"https:\/\/hug-familie.ch\/fr\/?s={search_term_string}"},"query-input":"required name=search_term_string"}],"inLanguage":"fr-FR"}]}},"_links":{"self":[{"href":"https:\/\/hug-familie.ch\/fr\/wp-json\/wp\/v2\/pages\/4286"}],"collection":[{"href":"https:\/\/hug-familie.ch\/fr\/wp-json\/wp\/v2\/pages"}],"about":[{"href":"https:\/\/hug-familie.ch\/fr\/wp-json\/wp\/v2\/types\/page"}],"author":[{"embeddable":true,"href":"https:\/\/hug-familie.ch\/fr\/wp-json\/wp\/v2\/users\/1"}],"replies":[{"embeddable":true,"href":"https:\/\/hug-familie.ch\/fr\/wp-json\/wp\/v2\/comments?post=4286"}],"version-history":[{"count":22,"href":"https:\/\/hug-familie.ch\/fr\/wp-json\/wp\/v2\/pages\/4286\/revisions"}],"predecessor-version":[{"id":73811,"href":"https:\/\/hug-familie.ch\/fr\/wp-json\/wp\/v2\/pages\/4286\/revisions\/73811"}],"up":[{"embeddable":true,"href":"https:\/\/hug-familie.ch\/fr\/wp-json\/wp\/v2\/pages\/4177"}],"wp:attachment":[{"href":"https:\/\/hug-familie.ch\/fr\/wp-json\/wp\/v2\/media?parent=4286"}],"curies":[{"name":"wp","href":"https:\/\/api.w.org\/{rel}","templated":true}]}}