{"id":4377,"date":"2021-12-13T22:05:37","date_gmt":"2021-12-13T21:05:37","guid":{"rendered":"https:\/\/hug-familie.ch\/travailler-chez-hug\/offene-stellen\/"},"modified":"2023-09-04T09:44:24","modified_gmt":"2023-09-04T07:44:24","slug":"postes-a-pourvoir","status":"publish","type":"page","link":"https:\/\/hug-familie.ch\/fr\/travailler-chez-hug\/postes-a-pourvoir\/","title":{"rendered":"Postes \u00e0 pourvoir"},"content":{"rendered":"","protected":false},"excerpt":{"rendered":"","protected":false},"author":1,"featured_media":0,"parent":4301,"menu_order":5,"comment_status":"closed","ping_status":"closed","template":"","meta":[],"class_list":["post-4377","page","type-page","status-publish","hentry"],"yoast_head":"<!-- This site is optimized with the Yoast SEO plugin v21.9.1 - https:\/\/yoast.com\/wordpress\/plugins\/seo\/ -->\n<title>Postes \u00e0 pourvoir &#8211; HUG Familie<\/title>\n<meta name=\"description\" content=\"Ensemble, nous sommes HUG: D\u00e9couvre nos postes \u00e0 pourvoir ou envoie-nous ta candidature spontan\u00e9e.\" \/>\n<meta name=\"robots\" content=\"index, follow, max-snippet:-1, max-image-preview:large, max-video-preview:-1\" \/>\n<link rel=\"canonical\" href=\"https:\/\/hug-familie.ch\/fr\/travailler-chez-hug\/postes-a-pourvoir\/\" \/>\n<meta property=\"og:locale\" content=\"fr_FR\" \/>\n<meta property=\"og:type\" content=\"article\" \/>\n<meta property=\"og:title\" content=\"Postes \u00e0 pourvoir &#8211; HUG Familie\" \/>\n<meta property=\"og:description\" content=\"Ensemble, nous sommes HUG: D\u00e9couvre nos postes \u00e0 pourvoir ou envoie-nous ta candidature spontan\u00e9e.\" \/>\n<meta property=\"og:url\" content=\"https:\/\/hug-familie.ch\/fr\/travailler-chez-hug\/postes-a-pourvoir\/\" \/>\n<meta property=\"og:site_name\" content=\"HUG Familie\" \/>\n<meta property=\"article:modified_time\" content=\"2023-09-04T07:44:24+00:00\" \/>\n<meta name=\"twitter:card\" content=\"summary_large_image\" \/>\n<script type=\"application\/ld+json\" class=\"yoast-schema-graph\">{\"@context\":\"https:\/\/schema.org\",\"@graph\":[{\"@type\":\"WebPage\",\"@id\":\"https:\/\/hug-familie.ch\/fr\/travailler-chez-hug\/postes-a-pourvoir\/\",\"url\":\"https:\/\/hug-familie.ch\/fr\/travailler-chez-hug\/postes-a-pourvoir\/\",\"name\":\"Postes \u00e0 pourvoir &#8211; HUG Familie\",\"isPartOf\":{\"@id\":\"https:\/\/hug-familie.ch\/fr\/#website\"},\"datePublished\":\"2021-12-13T21:05:37+00:00\",\"dateModified\":\"2023-09-04T07:44:24+00:00\",\"description\":\"Ensemble, nous sommes HUG: D\u00e9couvre nos postes \u00e0 pourvoir ou envoie-nous ta candidature spontan\u00e9e.\",\"breadcrumb\":{\"@id\":\"https:\/\/hug-familie.ch\/fr\/travailler-chez-hug\/postes-a-pourvoir\/#breadcrumb\"},\"inLanguage\":\"fr-FR\",\"potentialAction\":[{\"@type\":\"ReadAction\",\"target\":[\"https:\/\/hug-familie.ch\/fr\/travailler-chez-hug\/postes-a-pourvoir\/\"]}]},{\"@type\":\"BreadcrumbList\",\"@id\":\"https:\/\/hug-familie.ch\/fr\/travailler-chez-hug\/postes-a-pourvoir\/#breadcrumb\",\"itemListElement\":[{\"@type\":\"ListItem\",\"position\":1,\"name\":\"Home\",\"item\":\"https:\/\/hug-familie.ch\/fr\/\"},{\"@type\":\"ListItem\",\"position\":2,\"name\":\"Travailler chez HUG\",\"item\":\"https:\/\/hug-familie.ch\/fr\/travailler-chez-hug\/\"},{\"@type\":\"ListItem\",\"position\":3,\"name\":\"Postes \u00e0 pourvoir\"}]},{\"@type\":\"WebSite\",\"@id\":\"https:\/\/hug-familie.ch\/fr\/#website\",\"url\":\"https:\/\/hug-familie.ch\/fr\/\",\"name\":\"HUG Familie\",\"description\":\"Eine weitere WordPress-Website\",\"potentialAction\":[{\"@type\":\"SearchAction\",\"target\":{\"@type\":\"EntryPoint\",\"urlTemplate\":\"https:\/\/hug-familie.ch\/fr\/?s={search_term_string}\"},\"query-input\":\"required name=search_term_string\"}],\"inLanguage\":\"fr-FR\"}]}<\/script>\n<!-- \/ Yoast SEO plugin. -->","yoast_head_json":{"title":"Postes \u00e0 pourvoir &#8211; HUG Familie","description":"Ensemble, nous sommes HUG: D\u00e9couvre nos postes \u00e0 pourvoir ou envoie-nous ta candidature spontan\u00e9e.","robots":{"index":"index","follow":"follow","max-snippet":"max-snippet:-1","max-image-preview":"max-image-preview:large","max-video-preview":"max-video-preview:-1"},"canonical":"https:\/\/hug-familie.ch\/fr\/travailler-chez-hug\/postes-a-pourvoir\/","og_locale":"fr_FR","og_type":"article","og_title":"Postes \u00e0 pourvoir &#8211; HUG Familie","og_description":"Ensemble, nous sommes HUG: D\u00e9couvre nos postes \u00e0 pourvoir ou envoie-nous ta candidature spontan\u00e9e.","og_url":"https:\/\/hug-familie.ch\/fr\/travailler-chez-hug\/postes-a-pourvoir\/","og_site_name":"HUG Familie","article_modified_time":"2023-09-04T07:44:24+00:00","twitter_card":"summary_large_image","schema":{"@context":"https:\/\/schema.org","@graph":[{"@type":"WebPage","@id":"https:\/\/hug-familie.ch\/fr\/travailler-chez-hug\/postes-a-pourvoir\/","url":"https:\/\/hug-familie.ch\/fr\/travailler-chez-hug\/postes-a-pourvoir\/","name":"Postes \u00e0 pourvoir &#8211; HUG Familie","isPartOf":{"@id":"https:\/\/hug-familie.ch\/fr\/#website"},"datePublished":"2021-12-13T21:05:37+00:00","dateModified":"2023-09-04T07:44:24+00:00","description":"Ensemble, nous sommes HUG: D\u00e9couvre nos postes \u00e0 pourvoir ou envoie-nous ta candidature spontan\u00e9e.","breadcrumb":{"@id":"https:\/\/hug-familie.ch\/fr\/travailler-chez-hug\/postes-a-pourvoir\/#breadcrumb"},"inLanguage":"fr-FR","potentialAction":[{"@type":"ReadAction","target":["https:\/\/hug-familie.ch\/fr\/travailler-chez-hug\/postes-a-pourvoir\/"]}]},{"@type":"BreadcrumbList","@id":"https:\/\/hug-familie.ch\/fr\/travailler-chez-hug\/postes-a-pourvoir\/#breadcrumb","itemListElement":[{"@type":"ListItem","position":1,"name":"Home","item":"https:\/\/hug-familie.ch\/fr\/"},{"@type":"ListItem","position":2,"name":"Travailler chez HUG","item":"https:\/\/hug-familie.ch\/fr\/travailler-chez-hug\/"},{"@type":"ListItem","position":3,"name":"Postes \u00e0 pourvoir"}]},{"@type":"WebSite","@id":"https:\/\/hug-familie.ch\/fr\/#website","url":"https:\/\/hug-familie.ch\/fr\/","name":"HUG Familie","description":"Eine weitere WordPress-Website","potentialAction":[{"@type":"SearchAction","target":{"@type":"EntryPoint","urlTemplate":"https:\/\/hug-familie.ch\/fr\/?s={search_term_string}"},"query-input":"required name=search_term_string"}],"inLanguage":"fr-FR"}]}},"_links":{"self":[{"href":"https:\/\/hug-familie.ch\/fr\/wp-json\/wp\/v2\/pages\/4377"}],"collection":[{"href":"https:\/\/hug-familie.ch\/fr\/wp-json\/wp\/v2\/pages"}],"about":[{"href":"https:\/\/hug-familie.ch\/fr\/wp-json\/wp\/v2\/types\/page"}],"author":[{"embeddable":true,"href":"https:\/\/hug-familie.ch\/fr\/wp-json\/wp\/v2\/users\/1"}],"replies":[{"embeddable":true,"href":"https:\/\/hug-familie.ch\/fr\/wp-json\/wp\/v2\/comments?post=4377"}],"version-history":[{"count":5,"href":"https:\/\/hug-familie.ch\/fr\/wp-json\/wp\/v2\/pages\/4377\/revisions"}],"predecessor-version":[{"id":30283,"href":"https:\/\/hug-familie.ch\/fr\/wp-json\/wp\/v2\/pages\/4377\/revisions\/30283"}],"up":[{"embeddable":true,"href":"https:\/\/hug-familie.ch\/fr\/wp-json\/wp\/v2\/pages\/4301"}],"wp:attachment":[{"href":"https:\/\/hug-familie.ch\/fr\/wp-json\/wp\/v2\/media?parent=4377"}],"curies":[{"name":"wp","href":"https:\/\/api.w.org\/{rel}","templated":true}]}}